{"id":9691,"date":"2025-08-22T10:59:07","date_gmt":"2025-08-22T08:59:07","guid":{"rendered":"https:\/\/www.amevet.fr\/chalet-universe\/"},"modified":"2026-02-06T14:05:47","modified_gmt":"2026-02-06T13:05:47","slug":"chalet-universe","status":"publish","type":"page","link":"https:\/\/www.amevet.fr\/en\/chalet-universe\/","title":{"rendered":"Chalet Universe"},"content":{"rendered":"<div class=\"wpb-content-wrapper\"><p>[vc_row full_width=&#8221;stretch_row_content_no_spaces&#8221;][vc_column][vc_banner_title color_style=&#8221;light&#8221; subtitle=&#8221;UNIVERSITY&#8221; title=&#8221;Chalets&#8221; img=&#8221;7514&#8243; enable_overlay=&#8221;true&#8221; enable_fullheight=&#8221;true&#8221;][\/vc_banner_title][\/vc_column][\/vc_row][vc_row gap=&#8221;35&#8243; content_placement=&#8221;middle&#8221; css=&#8221;.vc_custom_1761040937038{padding-bottom: 6% !important;}&#8221; row_title=&#8221;1\/3 Titre + Texte&#8221;][vc_column][vc_headings vertical_line=&#8221;true&#8221; title=&#8221;Between Alpine tradition and contemporary lines&#8221; heading_size=&#8221;h2&#8243; subtitle=&#8221;CHALET&#8221; align=&#8221;Center&#8221;]Le style peut \u00eatre traditionnel, r\u00e9solument contemporain ou m\u00ealer subtilement les deux, selon l\u2019histoire que nous construisons avec le client.<\/p>\n<p>Au-del\u00e0 de la conception globale des espaces de vie, ces projets exigent une parfaite ma\u00eetrise des contraintes techniques : charpentes massives, hauteurs spectaculaires, escaliers complexes, grandes baies vitr\u00e9es ouvertes sur le paysage. L\u2019agencement int\u00e9rieur, pens\u00e9 sur mesure, permet d\u2019int\u00e9grer cuisines d\u2019exception, dressings, biblioth\u00e8ques, banquettes, t\u00eates de lit ou rangements, dans une parfaite coh\u00e9rence fonctionnelle et esth\u00e9tique.[\/vc_headings][\/vc_column][\/vc_row][vc_row gap=&#8221;35&#8243; content_placement=&#8221;middle&#8221; css=&#8221;.vc_custom_1755854837343{padding-bottom: 3% !important;}&#8221;][vc_column width=&#8221;1\/2&#8243; desctop_mt=&#8221;margin-lg-75t&#8221; mobile_mt=&#8221;margin-xs-0t&#8221;][vc_single_image image=&#8221;7517&#8243; img_size=&#8221;full&#8221; css=&#8221;&#8221;][\/vc_column][vc_column width=&#8221;1\/2&#8243;][vc_headings title=&#8221;New build or renovation&#8221; heading_size=&#8221;h2&#8243;]Whether new or renovated, each project respects the identity of the site while offering a contemporary interpretation. Rough materials, soft lighting, open or tighter volumes: each choice contributes to creating an authentic, soothing atmosphere.  The style can be traditional, resolutely contemporary or a subtle blend of the two, depending on the story we build with the customer.[\/vc_headings][\/vc_column][\/vc_row][vc_row full_width=&#8221;stretch_row&#8221; css=&#8221;.vc_custom_1761041017163{margin-top: 3% !important;margin-bottom: 3% !important;padding-top: 3% !important;padding-bottom: 3% !important;background-color: #F6FAFC !important;}&#8221; row_title=&#8221;3 colonnes &#8211; Titre + Texte&#8221;][vc_column width=&#8221;1\/3&#8243; offset=&#8221;vc_col-xs-12&#8243;][vc_pricing style=&#8221;featured_image&#8221; title=&#8221;Mastering technical constraints&#8221; button=&#8221;target:_blank|&#8221; button_style=&#8221;arrow&#8221; button_link_class=&#8221;prague-pricing-link a-btn-arrow-2&#8243; button_span_class=&#8221;arrow-right&#8221;]Over and above the overall design of the living spaces, these projects demand a perfect mastery of technical constraints: massive frameworks, spectacular heights, complex staircases, large bay windows opening onto the landscape. Tailor-made interior layouts integrate exceptional kitchens, walk-in closets, bookcases, benches, headboards and storage units, with perfect functional and aesthetic coherence.[\/vc_pricing][\/vc_column][vc_column width=&#8221;1\/3&#8243; offset=&#8221;vc_col-xs-12&#8243;][vc_pricing style=&#8221;featured_image&#8221; title=&#8221;Optimum comfort&#8221; button=&#8221;target:_blank|&#8221; button_style=&#8221;arrow&#8221; button_link_class=&#8221;prague-pricing-link a-btn-arrow-2&#8243; button_span_class=&#8221;arrow-right&#8221;]Our expertise also extends to the creation of wellness areas: spas, indoor pools, relaxation zones, with particular attention paid to integration constraints and the sensory quality of the experience. Home automation, audiovisual solutions, automated lighting and thermal management are naturally part of the high-end services deployed to offer optimal comfort.[\/vc_pricing][\/vc_column][vc_column width=&#8221;1\/3&#8243; offset=&#8221;vc_col-xs-12&#8243;][vc_pricing style=&#8221;featured_image&#8221; title=&#8221;Paradise is in the details&#8221; button=&#8221;target:_blank|&#8221; button_style=&#8221;arrow&#8221; button_link_class=&#8221;prague-pricing-link a-btn-arrow-2&#8243; button_span_class=&#8221;arrow-right&#8221;]Monumental fireplaces, spectacular kitchens, subtle use of raw materials: every detail is designed to combine sophistication, comfort and uniqueness, even to the point of luxury in the most ambitious projects.[\/vc_pricing][\/vc_column][\/vc_row][vc_row full_width=&#8221;stretch_row_content_no_spaces&#8221;][vc_column][vc_empty_space height=&#8221;50px&#8221;][vc_masonry_media_grid gap=&#8221;35&#8243; item=&#8221;5759&#8243; css=&#8221;&#8221; grid_id=&#8221;vc_gid:1770382875584-1594d4d2c0a46be3f068595800aeada8-0&#8243; include=&#8221;7515,7509,7513,7511,7507,7505,7499,7503,7501,10077&#8243;][vc_headings heading_size=&#8221;h2&#8243; align=&#8221;Center&#8221; color_style=&#8221;light&#8221; button=&#8221;url:https%3A%2F%2Fwww.amevet.fr%2Fen%2Fprojects%2F|title:TOUS%20NOS%20PROJETS|&#8221; style_button=&#8221;creative&#8221; color_button=&#8221;dark&#8221;][\/vc_headings][vc_empty_space height=&#8221;50px&#8221;][\/vc_column][\/vc_row]<\/p>\n<\/div>","protected":false},"excerpt":{"rendered":"<p>[vc_row full_width=&#8221;stretch_row_content_no_spaces&#8221;][vc_column][vc_banner_title color_style=&#8221;light&#8221; subtitle=&#8221;UNIVERSITY&#8221; title=&#8221;Chalets&#8221; img=&#8221;7514&#8243; enable_overlay=&#8221;true&#8221; enable_fullheight=&#8221;true&#8221;][\/vc_banner_title][\/vc_column][\/vc_row][vc_row gap=&#8221;35&#8243; content_placement=&#8221;middle&#8221; css=&#8221;.vc_custom_1761040937038{padding-bottom: 6% !important;}&#8221; row_title=&#8221;1\/3 Titre + Texte&#8221;][vc_column][vc_headings vertical_line=&#8221;true&#8221; title=&#8221;Between Alpine<\/p>\n","protected":false},"author":1,"featured_media":0,"parent":0,"menu_order":0,"comment_status":"closed","ping_status":"closed","template":"","meta":{"_seopress_robots_primary_cat":"","_seopress_titles_title":"","_seopress_titles_desc":"","_seopress_robots_index":"","_seopress_analysis_target_kw":"","footnotes":""},"class_list":["post-9691","page","type-page","status-publish","hentry"],"featured_image_src":"","featured_image_src_square":"","_links":{"self":[{"href":"https:\/\/www.amevet.fr\/en\/wp-json\/wp\/v2\/pages\/9691","targetHints":{"allow":["GET"]}}],"collection":[{"href":"https:\/\/www.amevet.fr\/en\/wp-json\/wp\/v2\/pages"}],"about":[{"href":"https:\/\/www.amevet.fr\/en\/wp-json\/wp\/v2\/types\/page"}],"author":[{"embeddable":true,"href":"https:\/\/www.amevet.fr\/en\/wp-json\/wp\/v2\/users\/1"}],"replies":[{"embeddable":true,"href":"https:\/\/www.amevet.fr\/en\/wp-json\/wp\/v2\/comments?post=9691"}],"version-history":[{"count":5,"href":"https:\/\/www.amevet.fr\/en\/wp-json\/wp\/v2\/pages\/9691\/revisions"}],"predecessor-version":[{"id":10083,"href":"https:\/\/www.amevet.fr\/en\/wp-json\/wp\/v2\/pages\/9691\/revisions\/10083"}],"wp:attachment":[{"href":"https:\/\/www.amevet.fr\/en\/wp-json\/wp\/v2\/media?parent=9691"}],"curies":[{"name":"wp","href":"https:\/\/api.w.org\/{rel}","templated":true}]}}