{"id":9726,"date":"2025-04-30T17:10:49","date_gmt":"2025-04-30T15:10:49","guid":{"rendered":"https:\/\/www.amevet.fr\/homepage\/"},"modified":"2026-02-24T17:06:11","modified_gmt":"2026-02-24T16:06:11","slug":"homepage","status":"publish","type":"page","link":"https:\/\/www.amevet.fr\/en\/","title":{"rendered":"HomePage"},"content":{"rendered":"<div class=\"wpb-content-wrapper\"><p>[vc_row full_width=&#8221;stretch_row_content_no_spaces&#8221; enable_ovarlay=&#8221;true&#8221; row_title=&#8221;Big Banner image + texte + Bouton&#8221;][vc_column][vc_banner_title style=&#8221;big&#8221; color_style=&#8221;light&#8221; subtitle=&#8221;AGENCE AMEVET&#8221; title=&#8221;Design, Furnish, Decorate, Realize&#8221; style_background=&#8221;video&#8221; img=&#8221;10764&#8243; video_url=&#8221;https:\/\/youtu.be\/AxGRK9k3VoY?playlist=AxGRK9k3VoY&#8221; button=&#8221;url:https%3A%2F%2Fwww.amevet.fr%2Fen%2Fprojects%2F|title:NOS%20PROJETS|target:_blank|&#8221; enable_overlay=&#8221;true&#8221; enable_fullheight=&#8221;true&#8221;][\/vc_banner_title][\/vc_column][\/vc_row][vc_row desctop_mt=&#8221;margin-lg-75t&#8221; tablets_mt=&#8221;margin-sm-40t&#8221; css=&#8221;.vc_custom_1750145820641{padding-bottom: 85px !important;}&#8221;][vc_column][vc_headings title=&#8221;A great project always begins with a great encounter&#8221; heading_size=&#8221;h2&#8243; subtitle=&#8221;OUR AGENCY&#8221; align=&#8221;Center&#8221; button=&#8221;url:https%3A%2F%2Fwww.amevet.fr%2Fen%2Fagency%2F|title:L%27AGENCE|&#8221; style_button=&#8221;creative&#8221; color_button=&#8221;dark&#8221;]The kind that creates a human, sincere bond and gives birth to places that are truly like you.[\/vc_headings][\/vc_column][\/vc_row][vc_row full_width=&#8221;stretch_row&#8221; desctop_pt=&#8221;padding-lg-120t&#8221; desctop_pb=&#8221;padding-lg-120b&#8221; tablets_pt=&#8221;padding-sm-100t&#8221; tablets_pb=&#8221;padding-sm-100b&#8221; mobile_pt=&#8221;padding-xs-50t&#8221; mobile_pb=&#8221;padding-xs-50b&#8221; css=&#8221;.vc_custom_1756288280708{background-color: #f6fafc !important;}&#8221; row_title=&#8221;Image + Accord\u00e9on&#8221;][vc_column css=&#8221;.vc_custom_1555341197094{padding-top: 0px !important;}&#8221;][vc_accordion_services content_position=&#8221;right&#8221; items_accordion=&#8221;%5B%7B%22number%22%3A%2201.%22%2C%22title%22%3A%22Chalets%22%2C%22text%22%3A%22Designing+a+chalet+means+giving+life+to+a+place+that+brings+people+together%2C+that+soothes%2C+that+tells+a+story.+For+over+25+years%2C+we%27ve+been+creating+bespoke+interiors+that+combine+raw+wood%2C+soft+light+and+absolute+comfort.+Each+project%2C+whether+new+or+renovation%2C+becomes+a+cocoon+designed+to+last%2C+evolve+and+welcome.+Generous+volumes%2C+meticulous+layouts%2C+details+that+make+all+the+difference%3A+an+art+of+living+in+the+mountains%2C+between+tradition+and+modernity.+++%5Cn%3Ca+href%3D%5C%22https%3A%5C%2F%5C%2Fwww.amevet.fr%5C%2Fen%5C%2Fchalet-universe%5C%2F%5C%22+style%3D%5C%22text-decoration%3A+underline%3B%5C%22%3EChalet+universe%3C%5C%2Fa%3E%22%7D%2C%7B%22number%22%3A%2202.%22%2C%22title%22%3A%22Houses+%26amp%3B+Apartments%22%2C%22text%22%3A%22Whether+it%27s+a+house+by+the+water+or+an+apartment+in+the+heart+of+the+city%2C+each+place+deserves+its+own+special+attention.+We+imagine+functional%2C+fluid+and+elegant+interiors%2C+designed+to+last%2C+adapt+to+real-life+uses+and+reflect+lifestyles.+By+playing+with+volumes%2C+materials%2C+light+and+layout%2C+we+transform+constraints+into+assets+-+to+create+spaces+in+which+people+simply+feel+good.++%5Cn%3Ca+href%3D%5C%22https%3A%5C%2F%5C%2Fwww.amevet.fr%5C%2Fen%5C%2Funivers-maison%5C%2F%5C%22+style%3D%5C%22text-decoration%3A+underline%3B%5C%22%3EHome+universe%3C%5C%2Fa%3E%5Cn%3Ca+href%3D%5C%22https%3A%5C%2F%5C%2Fwww.amevet.fr%5C%2Fen%5C%2Funivers-appartement%5C%2F%5C%22+style%3D%5C%22text-decoration%3A+underline%3B%5C%22%3EApartment+universe%3C%5C%2Fa%3E%22%7D%2C%7B%22number%22%3A%2203.%22%2C%22title%22%3A%22Hotels+%26amp%3B+Residences++%22%2C%22text%22%3A%22Hotels+and+tourist+residences+require+spaces+that+are+welcoming%2C+functional+and+sustainable.+We+design+spaces+that+facilitate+the+work+of+our+teams+while+offering+a+fluid+and+unforgettable+experience+for+travelers.+Circulation%2C+furniture%2C+layouts%2C+materials%3A+every+choice+combines+aesthetics%2C+efficiency+and+comfort.+Living+spaces%2C+places+of+passage%2C+everything+is+designed+to+make+everyone+feel+good%2C+quite+simply.+++%5Cn%3Ca+href%3D%5C%22https%3A%5C%2F%5C%2Fwww.amevet.fr%5C%2Fen%5C%2Funivers-hotels%5C%2F%5C%22+style%3D%5C%22text-decoration%3A+underline%3B%5C%22%3EHotel+universe%3C%5C%2Fa%3E%5Cn%3Ca+href%3D%5C%22https%3A%5C%2F%5C%2Fwww.amevet.fr%5C%2Fen%5C%2Ftourist-home-universe%5C%2F%5C%22+style%3D%5C%22text-decoration%3A+underline%3B%5C%22%3EHome+universe%3C%5C%2Fa%3E%22%7D%2C%7B%22number%22%3A%2204.%22%2C%22title%22%3A%22Restaurants%22%2C%22text%22%3A%22A+restaurant%27s+interior+design+reflects+the+chef%27s+world+and+sets+the+tone+for+the+culinary+experience.+Every+element+-+layout%2C+lighting%2C+furniture+-+is+designed+to+reflect+this+identity%2C+while+ensuring+fluid+ergonomics+for+service.+The+result%3A+a+place+that+is+functional%2C+distinctive+and+memorable.++%5Cn%3Ca+href%3D%5C%22https%3A%5C%2F%5C%2Fwww.amevet.fr%5C%2Fen%5C%2Frestaurant-universe%5C%2F%5C%22+style%3D%5C%22text-decoration%3A+underline%3B%5C%22%3ERestaurant+universe%3C%5C%2Fa%3E%22%7D%2C%7B%22number%22%3A%2205.%22%2C%22title%22%3A%22Stores+%26amp%3B+concept+stores%22%2C%22text%22%3A%22Every+store+or+retail+space+tells+a+story.+We+design+spaces+that+reflect+a+brand%27s+universe+and+make+the+shopping+experience+unique.+Layout%2C+circulation%2C+furniture%2C+lighting%3A+everything+is+designed+to+reveal+an+identity%2C+facilitate+use+and+make+people+want+to+come+back.++%5Cn%3Ca+href%3D%5C%22https%3A%5C%2F%5C%2Fwww.amevet.fr%5C%2Fen%5C%2Funiverse-commerce-and-concept-store%5C%2F%5C%22+style%3D%5C%22text-decoration%3A+underline%3B%5C%22%3EStore+universe+%26amp%3B+concept+store%3C%5C%2Fa%3E%22%7D%5D&#8221; title=&#8221;<br \/>\n&lt;h2&gt;Each project sharpens<br \/>\n&lt;b&gt;our gaze.&lt;\/b&gt;&lt;\/h2&gt;<br \/>\n&#8221; image=&#8221;6210&#8243;][vc_headings heading_size=&#8221;h2&#8243; align=&#8221;Center&#8221; button=&#8221;url:https%3A%2F%2Fwww.amevet.fr%2Fen%2Funiverse%2F|title:UNIVERS|&#8221; style_button=&#8221;creative&#8221; color_button=&#8221;dark&#8221;][\/vc_headings][\/vc_column][\/vc_row][vc_row gap=&#8221;35&#8243; content_placement=&#8221;middle&#8221; row_title=&#8221;2 colonnes chiffres + texte&#8221; css=&#8221;.vc_custom_1762338243615{padding-top: 3% !important;padding-bottom: 4% !important;}&#8221; el_class=&#8221;reverse-col-on-mobile&#8221;][vc_column width=&#8221;1\/2&#8243;][vc_counters image_background=&#8221;6083&#8243; border_size=&#8221;10px&#8221; color_figure=&#8221;#8FA3AE&#8221; numbers=&#8221;%5B%7B%22number%22%3A%221997%22%2C%22title%22%3A%22CREATION+OF+THE+AGENCY%22%7D%2C%7B%22number%22%3A%2212%22%2C%22title%22%3A%22EMPLOYEES%22%7D%2C%7B%22number%22%3A%22357%22%2C%22title%22%3A%22COMPLETED+PROJECTS%22%7D%2C%7B%22number%22%3A%2226%22%2C%22title%22%3A%22FEDERATED+PARTNERS%22%7D%5D&#8221;][\/vc_column][vc_column width=&#8221;1\/2&#8243;][vc_headings title=&#8221;Experienced projects, a shared passion&#8221; heading_size=&#8221;h2&#8243; subtitle=&#8221;HISTORY&#8221; button=&#8221;url:https%3A%2F%2Fwww.amevet.fr%2Fen%2Fagency%2F|title:L%27AGENCE|&#8221; style_button=&#8221;creative&#8221; color_button=&#8221;dark&#8221;]When he set up Agence Amevet in 1997, Pierre-Fran\u00e7ois Amevet took up the challenge of teamwork. Combining skills, thinking globally, moving forward together. Over the years, he has built up a wealth of experience, supported by a close-knit team and a network of trusted partners. A flexible, human and demanding model, at the service of your projects.[\/vc_headings][\/vc_column][\/vc_row][vc_row full_width=&#8221;stretch_row&#8221; desctop_mt=&#8221;margin-lg-50t&#8221; row_title=&#8221;Galeries remont\u00e9e projets Masonry&#8221; css=&#8221;.vc_custom_1754554701896{margin-bottom: 0px !important;border-bottom-width: 0px !important;padding-bottom: 3% !important;background-color: #F6FAFC !important;}&#8221;][vc_column][vc_headings title=&#8221;The love of a job well done&#8221; heading_size=&#8221;h2&#8243; subtitle=&#8221;RECENT PROJECTS&#8221;][\/vc_headings][vc_projects_posts templates=&#8221;masonry&#8221; post_type=&#8221;projects&#8221; total_columns=&#8221;prague_count_col3&#8243; gap_columns=&#8221;prague_gap_col15&#8243; image_original_size=&#8221;large&#8221; filter_type=&#8221;cat\u00e9gorie&#8221; button_link_class=&#8221;prague-services-link a-btn-2 simple&#8221; button_span_class=&#8221;a-btn-line&#8221; posts_per_page=&#8221;9&#8243; pix_filter=&#8221;cat\u00e9gorie&#8221;][vc_headings heading_size=&#8221;h2&#8243; align=&#8221;Center&#8221; color_style=&#8221;light&#8221; button=&#8221;url:https%3A%2F%2Fwww.amevet.fr%2Fen%2Fprojects%2F|title:TOUS%20NOS%20PROJETS|&#8221; style_button=&#8221;creative&#8221; color_button=&#8221;dark&#8221;][\/vc_headings][\/vc_column][\/vc_row][vc_row full_width=&#8221;stretch_row_content_no_spaces&#8221; desctop_mt=&#8221;margin-lg-140t&#8221; tablets_mt=&#8221;margin-sm-50t&#8221; css=&#8221;.vc_custom_1758552723758{margin-top: 0px !important;border-top-width: 0px !important;}&#8221;][vc_column][vc_wrapper title=&#8221;Un regard complet.&#8221; subtitle=&#8221;EXPERTISES&#8221; image=&#8221;5857&#8243; color_style=&#8221;light&#8221;][vc_projects_posts templates=&#8221;services&#8221; post_type=&#8221;services&#8221; total_columns=&#8221;prague_count_col4&#8243; button_link_class=&#8221;prague-services-link a-btn-2 creative&#8221; button_span_class=&#8221;a-btn-line&#8221; posts_per_page=&#8221;4&#8243; button_style=&#8221;creative&#8221;][\/vc_wrapper][vc_headings heading_size=&#8221;h2&#8243; align=&#8221;Center&#8221; color_style=&#8221;light&#8221; button=&#8221;url:https%3A%2F%2Fwww.amevet.fr%2Fen%2Four-business%2F|title:NOTRE%20M%C3%89TIER|&#8221; style_button=&#8221;creative&#8221; color_button=&#8221;dark&#8221; css=&#8221;.vc_custom_1755172377096{margin-top: 0px !important;margin-bottom: 0px !important;border-top-width: 0px !important;border-bottom-width: 0px !important;padding-top: 0% !important;padding-bottom: 0px !important;}&#8221;][\/vc_headings][\/vc_column][\/vc_row][vc_row desctop_mt=&#8221;margin-lg-10t&#8221; tablets_mt=&#8221;margin-sm-20t&#8221; css=&#8221;.vc_custom_1758552809512{margin-top: 10% !important;margin-bottom: 2% !important;border-top-width: 0px !important;padding-top: 2% !important;}&#8221;][vc_column][vc_headings title=&#8221;Great encounters.&#8221; heading_size=&#8221;h2&#8243; subtitle=&#8221;TESTIMONIALS&#8221; css=&#8221;.vc_custom_1755172414422{margin-top: 0px !important;border-top-width: 0px !important;padding-top: 0% !important;}&#8221;][\/vc_headings][vc_row_inner][vc_column_inner][vc_testimonials speed=&#8221;5000&#8243;][vc_testimonials_items name=&#8221;Andr\u00e9a et Harlan, Londres&#8221; description=&#8221;We chose Agence Amevet for our chalet project in Chamonix `{`&#8230;`}`their style matched our tastes `{`&#8230;`}`the team was not only very professional but also humanly exceptional `{`&#8230;`}`we got the best access to products and excellent conditions. Looking back, we made an excellent decision `{`&#8230;`}`they exceeded all our expectations. In summary, we are delighted with the result and highly recommend Agence Amevet.  &#8221; icon=&#8221;fas fa-quote-left&#8221;][vc_testimonials_items name=&#8221;Anthony Pallier, les M\u00e9nuires&#8221; description=&#8221;Agence Amevet designed the interior architecture and furniture for the Higalik**** H\u00f4tel in Les M\u00e9nuires `{`&#8230;`}`they know how to do it all and offer a very wide range of services `{`&#8230;`}`they&#039;re reactive, precise, very complete `{`&#8230;`}`the site supervision was impeccable and they knew how to question themselves when necessary. With them, it&#039;s smooth and easy `{`&#8230;`}` very professional, very well managed! &#8221; icon=&#8221;fas fa-quote-left&#8221;][vc_testimonials_items name=&#8221;J.C. Vall\u00e9e Chalets de Tueda, M\u00e9ribel&#8221; description=&#8221;We called on Agence Amevet to furnish our apartment in M\u00e9ribel `{`&#8230;`}` right from the first meeting, the method was clear and the exchanges constructive `{`&#8230;`}` Chacha, our contact, knew when to say when she disagreed `{`&#8230;`}` despite delays and unforeseen events, everything was overcome. On delivery, everything was in place, decorated, candles lit&#8230; just like on a TV show! &#8221; icon=&#8221;fas fa-quote-left&#8221;][\/vc_testimonials][\/vc_column_inner][\/vc_row_inner][\/vc_column][\/vc_row]<\/p>\n<\/div>","protected":false},"excerpt":{"rendered":"<p>[vc_row full_width=&#8221;stretch_row_content_no_spaces&#8221; enable_ovarlay=&#8221;true&#8221; row_title=&#8221;Big Banner image + texte + Bouton&#8221;][vc_column][vc_banner_title style=&#8221;big&#8221; color_style=&#8221;light&#8221; subtitle=&#8221;AGENCE AMEVET&#8221; title=&#8221;Design, Furnish, Decorate, Realize&#8221; style_background=&#8221;video&#8221; img=&#8221;10764&#8243;<\/p>\n","protected":false},"author":1,"featured_media":0,"parent":0,"menu_order":0,"comment_status":"closed","ping_status":"closed","template":"","meta":{"_seopress_robots_primary_cat":"","_seopress_titles_title":"Agence Amevet | D\u00e9corateur et Architecte Int\u00e9rieur en Savoie","_seopress_titles_desc":"Faites appel \u00e0 un Architecte d'int\u00e9rieur en Savoie pour sublimer votre espace de vie. Architecture int\u00e9rieure, Am\u00e9nagement et D\u00e9coration \u2728 04 79 71 11 51","_seopress_robots_index":"","footnotes":""},"class_list":["post-9726","page","type-page","status-publish","hentry"],"featured_image_src":"","featured_image_src_square":"","_links":{"self":[{"href":"https:\/\/www.amevet.fr\/en\/wp-json\/wp\/v2\/pages\/9726","targetHints":{"allow":["GET"]}}],"collection":[{"href":"https:\/\/www.amevet.fr\/en\/wp-json\/wp\/v2\/pages"}],"about":[{"href":"https:\/\/www.amevet.fr\/en\/wp-json\/wp\/v2\/types\/page"}],"author":[{"embeddable":true,"href":"https:\/\/www.amevet.fr\/en\/wp-json\/wp\/v2\/users\/1"}],"replies":[{"embeddable":true,"href":"https:\/\/www.amevet.fr\/en\/wp-json\/wp\/v2\/comments?post=9726"}],"version-history":[{"count":20,"href":"https:\/\/www.amevet.fr\/en\/wp-json\/wp\/v2\/pages\/9726\/revisions"}],"predecessor-version":[{"id":10768,"href":"https:\/\/www.amevet.fr\/en\/wp-json\/wp\/v2\/pages\/9726\/revisions\/10768"}],"wp:attachment":[{"href":"https:\/\/www.amevet.fr\/en\/wp-json\/wp\/v2\/media?parent=9726"}],"curies":[{"name":"wp","href":"https:\/\/api.w.org\/{rel}","templated":true}]}}